{"id":3472,"date":"2025-12-02T11:57:22","date_gmt":"2025-12-02T16:57:22","guid":{"rendered":"https:\/\/thehubtravel.com\/?page_id=3472"},"modified":"2025-12-02T13:34:10","modified_gmt":"2025-12-02T18:34:10","slug":"account","status":"publish","type":"page","link":"https:\/\/thehubtravel.com\/en\/account\/","title":{"rendered":"Account"},"content":{"rendered":"<div data-elementor-type=\"wp-page\" data-elementor-id=\"3472\" class=\"elementor elementor-3472\" data-elementor-post-type=\"page\">\n\t\t\t\t<div class=\"elementor-element elementor-element-2ad93c1 e-flex e-con-boxed e-con e-parent\" data-id=\"2ad93c1\" data-element_type=\"container\" data-e-type=\"container\">\n\t\t\t\t\t<div class=\"e-con-inner\">\n\t\t\t\t<div class=\"elementor-element elementor-element-40557b0 e-my-account-tabs-vertical elementor-widget elementor-widget-woocommerce-my-account\" data-id=\"40557b0\" data-element_type=\"widget\" data-e-type=\"widget\" data-settings=\"{&quot;forms_buttons_hover_animation&quot;:&quot;grow&quot;}\" data-widget_type=\"woocommerce-my-account.default\">\n\t\t\t\t<div class=\"elementor-widget-container\">\n\t\t\t\t\t<div class=\"e-my-account-tab e-my-account-tab__\">\t\t\t<div class=\"woocommerce\"><\/div>\t\t<\/div>\n\t\t\t\t\t\t<\/div>\n\t\t\t\t<\/div>\n\t\t\t\t\t<\/div>\n\t\t\t\t<\/div>\n\t\t\t\t<\/div>","protected":false},"excerpt":{"rendered":"<p>Dashboard Orders Downloads Addresses Account Details Logout Hola fsandi (\u00bfno eres fsandi? Cerrar sesi\u00f3n) Desde el escritorio de tu cuenta puedes ver tus pedidos recientes, gestionar tu direcci\u00f3n de facturaci\u00f3n y editar tu contrase\u00f1a y los detalles de tu cuenta.<\/p>","protected":false},"author":7,"featured_media":0,"parent":0,"menu_order":0,"comment_status":"closed","ping_status":"closed","template":"elementor_header_footer","meta":{"_acf_changed":false,"footnotes":""},"class_list":["post-3472","page","type-page","status-publish","hentry"],"acf":[],"_links":{"self":[{"href":"https:\/\/thehubtravel.com\/en\/wp-json\/wp\/v2\/pages\/3472","targetHints":{"allow":["GET"]}}],"collection":[{"href":"https:\/\/thehubtravel.com\/en\/wp-json\/wp\/v2\/pages"}],"about":[{"href":"https:\/\/thehubtravel.com\/en\/wp-json\/wp\/v2\/types\/page"}],"author":[{"embeddable":true,"href":"https:\/\/thehubtravel.com\/en\/wp-json\/wp\/v2\/users\/7"}],"replies":[{"embeddable":true,"href":"https:\/\/thehubtravel.com\/en\/wp-json\/wp\/v2\/comments?post=3472"}],"version-history":[{"count":17,"href":"https:\/\/thehubtravel.com\/en\/wp-json\/wp\/v2\/pages\/3472\/revisions"}],"predecessor-version":[{"id":3492,"href":"https:\/\/thehubtravel.com\/en\/wp-json\/wp\/v2\/pages\/3472\/revisions\/3492"}],"wp:attachment":[{"href":"https:\/\/thehubtravel.com\/en\/wp-json\/wp\/v2\/media?parent=3472"}],"curies":[{"name":"wp","href":"https:\/\/api.w.org\/{rel}","templated":true}]}}